{"id":2210,"date":"2020-05-23T15:00:43","date_gmt":"2020-05-23T15:00:43","guid":{"rendered":"https:\/\/majorassessoria.com.br\/site\/?page_id=2210"},"modified":"2026-02-22T03:32:25","modified_gmt":"2026-02-22T03:32:25","slug":"blog-major","status":"publish","type":"page","link":"https:\/\/majorassessoria.com.br\/site\/index.php\/blog-major\/","title":{"rendered":"Blog"},"content":{"rendered":"<p>[vc_row][vc_column width=&#8221;2\/3&#8243;][vc_empty_space height=&#8221;50px&#8221;]<div id=\"ultimate-heading-420869d8ea9a8a347\" class=\"uvc-heading ult-adjust-bottom-margin ultimate-heading-420869d8ea9a8a347 uvc-4893 \" data-hspacer=\"no_spacer\"  data-halign=\"left\" style=\"text-align:left\"><div class=\"uvc-heading-spacer no_spacer\" style=\"top\"><\/div><div class=\"uvc-sub-heading ult-responsive\"  data-ultimate-target='.uvc-heading.ultimate-heading-420869d8ea9a8a347 .uvc-sub-heading '  data-responsive-json-new='{\"font-size\":\"\",\"line-height\":\"\"}'  style=\"font-weight:normal;\"><\/p>\n<h2 class=\"fancy-subtitle start-animation-done start-animation\">Conte\u00fado sobre Contabilidade, SAP B1 e diversas solu\u00e7\u00f5es para o seu neg\u00f3cio<\/h2>\n<p><\/div><\/div>[vc_empty_space height=&#8221;20px&#8221;]<style type=\"text\/css\" data-type=\"the7_shortcodes-inline-css\">.blog-shortcode.blog-list-shortcode-id-3ca25d560c1e34d4800bb20bc3477f0b.dividers-on.classic-layout-list article {\n  margin-top: 50px;\n  padding-top: 0;\n  border-color: ;\n}\n.blog-shortcode.blog-list-shortcode-id-3ca25d560c1e34d4800bb20bc3477f0b.dividers-on.classic-layout-list article:first-of-type {\n  margin-top: 0;\n  padding-top: 0;\n}\n.blog-shortcode.blog-list-shortcode-id-3ca25d560c1e34d4800bb20bc3477f0b.classic-layout-list.mode-list .post-thumbnail-wrap {\n  width: 50%;\n}\n.blog-shortcode.blog-list-shortcode-id-3ca25d560c1e34d4800bb20bc3477f0b.classic-layout-list.mode-list .post-entry-content {\n  width: calc(100% - 50%);\n}\n.blog-shortcode.blog-list-shortcode-id-3ca25d560c1e34d4800bb20bc3477f0b.classic-layout-list.mode-list .no-img .post-entry-content {\n  width: 100%;\n}\n.blog-shortcode.blog-list-shortcode-id-3ca25d560c1e34d4800bb20bc3477f0b .filter-bg-decoration .filter-categories a.act {\n  color: #fff;\n}\n.blog-shortcode.blog-list-shortcode-id-3ca25d560c1e34d4800bb20bc3477f0b:not(.mode-masonry) article {\n  margin-top: 50px;\n}\n.blog-shortcode.blog-list-shortcode-id-3ca25d560c1e34d4800bb20bc3477f0b:not(.mode-masonry) article:first-of-type,\n.blog-shortcode.blog-list-shortcode-id-3ca25d560c1e34d4800bb20bc3477f0b:not(.mode-masonry) article.visible.first:not(.product) {\n  margin-top: 0;\n}\n.blog-shortcode.blog-list-shortcode-id-3ca25d560c1e34d4800bb20bc3477f0b.dividers-on:not(.mode-masonry) article {\n  margin-top: 0;\n  padding-top: 50px;\n}\n.blog-shortcode.blog-list-shortcode-id-3ca25d560c1e34d4800bb20bc3477f0b.dividers-on:not(.mode-masonry) article:first-of-type,\n.blog-shortcode.blog-list-shortcode-id-3ca25d560c1e34d4800bb20bc3477f0b.dividers-on:not(.mode-masonry) article.visible.first:not(.product) {\n  margin-top: 0;\n  padding-top: 0;\n}\n.blog-shortcode.blog-list-shortcode-id-3ca25d560c1e34d4800bb20bc3477f0b .post-thumbnail-wrap {\n  padding: 0px 0px 0px 0px;\n}\n.blog-shortcode.blog-list-shortcode-id-3ca25d560c1e34d4800bb20bc3477f0b.enable-bg-rollover .post-thumbnail-rollover:after {\n  background: ;\n  background: -webkit-linear-gradient();\n  background: linear-gradient();\n}\n.blog-shortcode.blog-list-shortcode-id-3ca25d560c1e34d4800bb20bc3477f0b .gallery-zoom-ico {\n  width: 44px;\n  height: 44px;\n  line-height: 44px;\n  border-radius: 100px;\n  margin: -22px 0 0 -22px;\n  border-width: 0px;\n  color: #ffffff;\n}\n.bottom-overlap-layout-list.blog-shortcode.blog-list-shortcode-id-3ca25d560c1e34d4800bb20bc3477f0b .gallery-zoom-ico {\n  margin-top: -22px\/2;\n}\n.gradient-overlay-layout-list.blog-shortcode.blog-list-shortcode-id-3ca25d560c1e34d4800bb20bc3477f0b .gallery-zoom-ico,\n.content-rollover-layout-list.blog-shortcode.blog-list-shortcode-id-3ca25d560c1e34d4800bb20bc3477f0b .gallery-zoom-ico {\n  margin: 0 0 10px;\n}\n.content-align-center.gradient-overlay-layout-list.blog-shortcode.blog-list-shortcode-id-3ca25d560c1e34d4800bb20bc3477f0b .gallery-zoom-ico,\n.content-align-center.content-rollover-layout-list.blog-shortcode.blog-list-shortcode-id-3ca25d560c1e34d4800bb20bc3477f0b .gallery-zoom-ico {\n  margin: 0 auto 10px;\n}\n.dt-icon-bg-on.blog-shortcode.blog-list-shortcode-id-3ca25d560c1e34d4800bb20bc3477f0b .gallery-zoom-ico {\n  background: rgba(255,255,255,0.3);\n  -webkit-box-shadow: none;\n  box-shadow: none;\n}\n.blog-shortcode.blog-list-shortcode-id-3ca25d560c1e34d4800bb20bc3477f0b .gallery-zoom-ico > span,\n.blog-shortcode.blog-list-shortcode-id-3ca25d560c1e34d4800bb20bc3477f0b .gallery-zoom-ico:before {\n  font-size: 32px;\n  line-height: 44px;\n}\n.blog-shortcode.blog-list-shortcode-id-3ca25d560c1e34d4800bb20bc3477f0b .gallery-zoom-ico > span,\n.blog-shortcode.blog-list-shortcode-id-3ca25d560c1e34d4800bb20bc3477f0b .gallery-zoom-ico:before {\n  color: #ffffff;\n}\n.blog-shortcode.blog-list-shortcode-id-3ca25d560c1e34d4800bb20bc3477f0b .fancy-date a {\n  background: #ffffff;\n  -webkit-box-shadow: none;\n  box-shadow: none;\n}\n.blog-shortcode.blog-list-shortcode-id-3ca25d560c1e34d4800bb20bc3477f0b .fancy-date a * {\n  color: #2d2d2d;\n}\n.blog-shortcode.blog-list-shortcode-id-3ca25d560c1e34d4800bb20bc3477f0b .entry-title,\n.blog-shortcode.blog-list-shortcode-id-3ca25d560c1e34d4800bb20bc3477f0b.owl-carousel .entry-title {\n  margin-bottom: 5px;\n  font-weight: bold;\n}\n.blog-shortcode.blog-list-shortcode-id-3ca25d560c1e34d4800bb20bc3477f0b .entry-meta {\n  margin-bottom: 15px;\n}\n.blog-shortcode.blog-list-shortcode-id-3ca25d560c1e34d4800bb20bc3477f0b .portfolio-categories {\n  margin-bottom: 15px;\n}\n.blog-shortcode.blog-list-shortcode-id-3ca25d560c1e34d4800bb20bc3477f0b .entry-excerpt {\n  margin-bottom: 5px;\n}\n.blog-shortcode.blog-list-shortcode-id-3ca25d560c1e34d4800bb20bc3477f0b:not(.centered-layout-list) .post-entry-content {\n  padding: 25px 30px 30px 30px;\n}\n.blog-shortcode.blog-list-shortcode-id-3ca25d560c1e34d4800bb20bc3477f0b:not(.centered-layout-list):not(.content-bg-on):not(.mode-list) .no-img .post-entry-content {\n  padding: 0;\n}\n@media screen and (max-width: 768px) {\n  .blog-shortcode.blog-list-shortcode-id-3ca25d560c1e34d4800bb20bc3477f0b article {\n    -webkit-flex-flow: column nowrap;\n    -moz-flex-flow: column nowrap;\n    -ms-flex-flow: column nowrap;\n    flex-flow: column nowrap;\n    margin-top: 20px;\n  }\n  .blog-shortcode.blog-list-shortcode-id-3ca25d560c1e34d4800bb20bc3477f0b.dividers-on article {\n    border: none;\n  }\n  .blog-shortcode.blog-list-shortcode-id-3ca25d560c1e34d4800bb20bc3477f0b.content-bg-on.centered-layout-list article {\n    padding: 0;\n  }\n  .blog-shortcode.blog-list-shortcode-id-3ca25d560c1e34d4800bb20bc3477f0b.blog-shortcode.dividers-on article,\n  .blog-shortcode.blog-list-shortcode-id-3ca25d560c1e34d4800bb20bc3477f0b.dividers-on.classic-layout-list article {\n    margin-top: 20px;\n    padding: 0;\n  }\n  .blog-shortcode.blog-list-shortcode-id-3ca25d560c1e34d4800bb20bc3477f0b.blog-shortcode.dividers-on article:first-of-type,\n  .blog-shortcode.blog-list-shortcode-id-3ca25d560c1e34d4800bb20bc3477f0b.dividers-on.classic-layout-list article:first-of-type {\n    padding: 0;\n  }\n  #page .blog-shortcode.blog-list-shortcode-id-3ca25d560c1e34d4800bb20bc3477f0b .post-thumbnail-wrap,\n  #page .blog-shortcode.blog-list-shortcode-id-3ca25d560c1e34d4800bb20bc3477f0b .post-entry-content {\n    width: 100%;\n    margin: 0;\n    top: 0;\n  }\n  #page .blog-shortcode.blog-list-shortcode-id-3ca25d560c1e34d4800bb20bc3477f0b .post-thumbnail-wrap {\n    padding: 0;\n  }\n  #page .blog-shortcode.blog-list-shortcode-id-3ca25d560c1e34d4800bb20bc3477f0b .post-entry-content:after {\n    display: none;\n  }\n  #page .blog-shortcode.blog-list-shortcode-id-3ca25d560c1e34d4800bb20bc3477f0b .project-even .post-thumbnail-wrap,\n  #page .blog-shortcode.blog-list-shortcode-id-3ca25d560c1e34d4800bb20bc3477f0b.centered-layout-list .post-thumbnail-wrap {\n    -webkit-order: 0;\n    -moz-order: 0;\n    -ms-flex-order: 0;\n    order: 0;\n  }\n  #page .blog-shortcode.blog-list-shortcode-id-3ca25d560c1e34d4800bb20bc3477f0b.centered-layout-list .post-entry-title-content {\n    -webkit-order: 1;\n    -moz-order: 1;\n    -ms-flex-order: 1;\n    order: 1;\n    width: 100%;\n    padding: 20px 20px 0;\n  }\n  #page .blog-shortcode.blog-list-shortcode-id-3ca25d560c1e34d4800bb20bc3477f0b.centered-layout-list .post-entry-content {\n    -webkit-order: 2;\n    -moz-order: 2;\n    -ms-flex-order: 2;\n    order: 2;\n    padding-top: 0;\n  }\n  #page .blog-shortcode.blog-list-shortcode-id-3ca25d560c1e34d4800bb20bc3477f0b .fancy-categories {\n    top: 10px;\n    left: 10px;\n    bottom: auto;\n    right: auto;\n  }\n  #page .blog-shortcode.blog-list-shortcode-id-3ca25d560c1e34d4800bb20bc3477f0b .fancy-date a {\n    top: 10px;\n    right: 10px;\n    left: auto;\n    bottom: auto;\n  }\n  #page .blog-shortcode.blog-list-shortcode-id-3ca25d560c1e34d4800bb20bc3477f0b .post-entry-content {\n    padding: 20px;\n  }\n  #page .blog-shortcode.blog-list-shortcode-id-3ca25d560c1e34d4800bb20bc3477f0b .entry-title {\n    margin: 3px 0 5px;\n    font-size: 20px;\n    line-height: 26px;\n  }\n  #page .blog-shortcode.blog-list-shortcode-id-3ca25d560c1e34d4800bb20bc3477f0b .entry-meta {\n    margin: 5px 0 5px;\n  }\n  #page .blog-shortcode.blog-list-shortcode-id-3ca25d560c1e34d4800bb20bc3477f0b .entry-excerpt {\n    margin: 15px 0 0;\n  }\n  #page .blog-shortcode.blog-list-shortcode-id-3ca25d560c1e34d4800bb20bc3477f0b .post-details {\n    margin: 5px 0 10px;\n  }\n  #page .blog-shortcode.blog-list-shortcode-id-3ca25d560c1e34d4800bb20bc3477f0b .post-details.details-type-link {\n    margin-bottom: 2px;\n  }\n}\n<\/style><div class=\"articles-list blog-shortcode mode-list blog-list-shortcode-id-3ca25d560c1e34d4800bb20bc3477f0b classic-layout-list content-bg-on jquery-filter scale-img dt-icon-bg-off loading-effect-fade-in\" data-cur-page=\"1\" data-post-limit=\"-1\" data-pagination-mode=\"none\"><article class=\"post project-odd visible post-3433 type-post status-publish format-standard has-post-thumbnail hentry category-blog category-sap-business-one category-60 category-96 description-off\" data-name=\"Vantagens do SAP B1\" data-date=\"2024-09-15T21:39:31+00:00\">\n\n<div class=\"post-thumbnail-wrap\">\n\t<div class=\"post-thumbnail\">\n\n\t\t\n\t\t\n\t\t<a href=\"https:\/\/majorassessoria.com.br\/site\/index.php\/2024\/09\/15\/vantagens-de-usar-o-sap-business-one\/\" class=\"post-thumbnail-rollover layzr-bg layzr-bg\" ><img loading=\"lazy\" decoding=\"async\" class=\"blog-thumb-lazy-load preload-me lazy-load\" src=\"data:image\/svg+xml,%3Csvg%20xmlns%3D&#39;http%3A%2F%2Fwww.w3.org%2F2000%2Fsvg&#39;%20viewBox%3D&#39;0%200%20738%20492&#39;%2F%3E\" data-src=\"https:\/\/majorassessoria.com.br\/site\/wp-content\/uploads\/2026\/02\/capa-738x492.png\" data-srcset=\"https:\/\/majorassessoria.com.br\/site\/wp-content\/uploads\/2026\/02\/capa-738x492.png 738w, https:\/\/majorassessoria.com.br\/site\/wp-content\/uploads\/2026\/02\/capa-1080x719.png 1080w\" alt=\"\" title=\"capa\" width=\"738\" height=\"492\"  \/><\/a>\n\t<\/div>\n<\/div>\n\n\n<div class=\"post-entry-content\">\n\n\t<h3 class=\"entry-title\">\n\t\t<a href=\"https:\/\/majorassessoria.com.br\/site\/index.php\/2024\/09\/15\/vantagens-de-usar-o-sap-business-one\/\" title=\"Vantagens do SAP B1\" rel=\"bookmark\">Vantagens do SAP B1<\/a>\n\t<\/h3>\n\n\t<div class=\"entry-meta\"><span class=\"category-link\"><a href=\"https:\/\/majorassessoria.com.br\/site\/index.php\/category\/blog\/\" >blog<\/a>, <a href=\"https:\/\/majorassessoria.com.br\/site\/index.php\/category\/sap-business-one\/\" >SAP Business One<\/a><\/span><a class=\"author vcard\" href=\"https:\/\/majorassessoria.com.br\/site\/index.php\/author\/leoveospnl\/\" title=\"Ver todos as postagens de lEOVEOSPNl\" rel=\"author\">Por <span class=\"fn\">lEOVEOSPNl<\/span><\/a><a href=\"https:\/\/majorassessoria.com.br\/site\/index.php\/2024\/09\/15\/\" title=\"9:39 pm\" class=\"data-link\" rel=\"bookmark\"><time class=\"entry-date updated\" datetime=\"2024-09-15T21:39:31+00:00\">setembro 15, 2024<\/time><\/a><\/div>\n\t<div class=\"entry-excerpt\"><p>O SAP Business One fornece as ferramentas que voc\u00ea precisa para facilitar o crescimento da sua empresa e que ela chegue a novos clientes. Conte com a Major Assessoria.<\/p>\n<\/div>\n\t<a href=\"https:\/\/majorassessoria.com.br\/site\/index.php\/2024\/09\/15\/vantagens-de-usar-o-sap-business-one\/\" class=\"post-details details-type-link\" rel=\"nofollow\">Ler mais<i class=\"dt-icon-the7-arrow-03\" aria-hidden=\"true\"><\/i><\/a>\n<\/div><\/article><article class=\"post project-odd visible post-3432 type-post status-publish format-standard has-post-thumbnail hentry category-blog category-sap-business-one category-60 category-96 description-off\" data-name=\"Tecnologia na Ind\u00fastria\" data-date=\"2024-07-17T00:54:20+00:00\">\n\n<div class=\"post-thumbnail-wrap\">\n\t<div class=\"post-thumbnail\">\n\n\t\t\n\t\t\n\t\t<a href=\"https:\/\/majorassessoria.com.br\/site\/index.php\/2024\/07\/17\/tecnologia-na-industria\/\" class=\"post-thumbnail-rollover layzr-bg layzr-bg\" ><img loading=\"lazy\" decoding=\"async\" class=\"blog-thumb-lazy-load preload-me lazy-load\" src=\"data:image\/svg+xml,%3Csvg%20xmlns%3D&#39;http%3A%2F%2Fwww.w3.org%2F2000%2Fsvg&#39;%20viewBox%3D&#39;0%200%20738%20492&#39;%2F%3E\" data-src=\"https:\/\/majorassessoria.com.br\/site\/wp-content\/uploads\/2026\/02\/major-consultoria-contabilidade-sap-business-one-sapb1-erp-industrias-ramo-sistemas-curitiba-02-738x492.png\" data-srcset=\"https:\/\/majorassessoria.com.br\/site\/wp-content\/uploads\/2026\/02\/major-consultoria-contabilidade-sap-business-one-sapb1-erp-industrias-ramo-sistemas-curitiba-02-738x492.png 738w, https:\/\/majorassessoria.com.br\/site\/wp-content\/uploads\/2026\/02\/major-consultoria-contabilidade-sap-business-one-sapb1-erp-industrias-ramo-sistemas-curitiba-02-1080x719.png 1080w\" alt=\"\" title=\"major-consultoria-contabilidade-sap-business-one-sapb1-erp-industrias-ramo-sistemas-curitiba-02\" width=\"738\" height=\"492\"  \/><\/a>\n\t<\/div>\n<\/div>\n\n\n<div class=\"post-entry-content\">\n\n\t<h3 class=\"entry-title\">\n\t\t<a href=\"https:\/\/majorassessoria.com.br\/site\/index.php\/2024\/07\/17\/tecnologia-na-industria\/\" title=\"Tecnologia na Ind\u00fastria\" rel=\"bookmark\">Tecnologia na Ind\u00fastria<\/a>\n\t<\/h3>\n\n\t<div class=\"entry-meta\"><span class=\"category-link\"><a href=\"https:\/\/majorassessoria.com.br\/site\/index.php\/category\/blog\/\" >blog<\/a>, <a href=\"https:\/\/majorassessoria.com.br\/site\/index.php\/category\/sap-business-one\/\" >SAP Business One<\/a><\/span><a class=\"author vcard\" href=\"https:\/\/majorassessoria.com.br\/site\/index.php\/author\/leoveospnl\/\" title=\"Ver todos as postagens de lEOVEOSPNl\" rel=\"author\">Por <span class=\"fn\">lEOVEOSPNl<\/span><\/a><a href=\"https:\/\/majorassessoria.com.br\/site\/index.php\/2024\/07\/17\/\" title=\"12:54 am\" class=\"data-link\" rel=\"bookmark\"><time class=\"entry-date updated\" datetime=\"2024-07-17T00:54:20+00:00\">julho 17, 2024<\/time><\/a><\/div>\n\t<div class=\"entry-excerpt\"><p>O SAP Business One fornece as ferramentas que voc\u00ea precisa para facilitar o crescimento da sua empresa e que ela chegue a novos clientes. Conte com a Major Assessoria.<\/p>\n<\/div>\n\t<a href=\"https:\/\/majorassessoria.com.br\/site\/index.php\/2024\/07\/17\/tecnologia-na-industria\/\" class=\"post-details details-type-link\" rel=\"nofollow\">Ler mais<i class=\"dt-icon-the7-arrow-03\" aria-hidden=\"true\"><\/i><\/a>\n<\/div><\/article><article class=\"post project-odd visible post-3431 type-post status-publish format-standard has-post-thumbnail hentry category-blog category-contabilidade category-sap-business-one category-60 category-95 category-96 description-off\" data-name=\"SAP B1\" data-date=\"2022-11-19T17:08:12+00:00\">\n\n<div class=\"post-thumbnail-wrap\">\n\t<div class=\"post-thumbnail\">\n\n\t\t\n\t\t\n\t\t<a href=\"https:\/\/majorassessoria.com.br\/site\/index.php\/2022\/11\/19\/sap-b1\/\" class=\"post-thumbnail-rollover layzr-bg layzr-bg\" ><img loading=\"lazy\" decoding=\"async\" class=\"blog-thumb-lazy-load preload-me lazy-load\" src=\"data:image\/svg+xml,%3Csvg%20xmlns%3D&#39;http%3A%2F%2Fwww.w3.org%2F2000%2Fsvg&#39;%20viewBox%3D&#39;0%200%20535%20357&#39;%2F%3E\" data-src=\"https:\/\/majorassessoria.com.br\/site\/wp-content\/uploads\/2026\/02\/img-descricao-SAP-B1-Major-contabilidade-fiscal-tributario-sistema-SAP-b1-curitiba-logo-2022-535x357.png\" data-srcset=\"https:\/\/majorassessoria.com.br\/site\/wp-content\/uploads\/2026\/02\/img-descricao-SAP-B1-Major-contabilidade-fiscal-tributario-sistema-SAP-b1-curitiba-logo-2022-535x357.png 535w\" alt=\"\" title=\"img-descricao-SAP-B1-Major-contabilidade-fiscal-tributario-sistema-SAP-b1-curitiba-logo-2022\" width=\"535\" height=\"357\"  \/><\/a>\n\t<\/div>\n<\/div>\n\n\n<div class=\"post-entry-content\">\n\n\t<h3 class=\"entry-title\">\n\t\t<a href=\"https:\/\/majorassessoria.com.br\/site\/index.php\/2022\/11\/19\/sap-b1\/\" title=\"SAP B1\" rel=\"bookmark\">SAP B1<\/a>\n\t<\/h3>\n\n\t<div class=\"entry-meta\"><span class=\"category-link\"><a href=\"https:\/\/majorassessoria.com.br\/site\/index.php\/category\/blog\/\" >blog<\/a>, <a href=\"https:\/\/majorassessoria.com.br\/site\/index.php\/category\/contabilidade\/\" >Contabilidade<\/a>, <a href=\"https:\/\/majorassessoria.com.br\/site\/index.php\/category\/sap-business-one\/\" >SAP Business One<\/a><\/span><a class=\"author vcard\" href=\"https:\/\/majorassessoria.com.br\/site\/index.php\/author\/leoveospnl\/\" title=\"Ver todos as postagens de lEOVEOSPNl\" rel=\"author\">Por <span class=\"fn\">lEOVEOSPNl<\/span><\/a><a href=\"https:\/\/majorassessoria.com.br\/site\/index.php\/2022\/11\/19\/\" title=\"5:08 pm\" class=\"data-link\" rel=\"bookmark\"><time class=\"entry-date updated\" datetime=\"2022-11-19T17:08:12+00:00\">novembro 19, 2022<\/time><\/a><\/div>\n\t<div class=\"entry-excerpt\"><p>O SAP Business One fornece as ferramentas que voc\u00ea precisa para facilitar o crescimento da sua empresa e que ela chegue a novos clientes. Conte com a Major Assessoria.<\/p>\n<\/div>\n\t<a href=\"https:\/\/majorassessoria.com.br\/site\/index.php\/2022\/11\/19\/sap-b1\/\" class=\"post-details details-type-link\" rel=\"nofollow\">Ler mais<i class=\"dt-icon-the7-arrow-03\" aria-hidden=\"true\"><\/i><\/a>\n<\/div><\/article><\/div>[vc_empty_space height=&#8221;100px&#8221;][\/vc_column][vc_column width=&#8221;1\/3&#8243;][\/vc_column][\/vc_row]<\/p>\n","protected":false},"excerpt":{"rendered":"<p>[vc_row][vc_column width=&#8221;2\/3&#8243;][vc_empty_space height=&#8221;50px&#8221;][vc_empty_space height=&#8221;20px&#8221;][vc_empty_space height=&#8221;100px&#8221;][\/vc_column][vc_column width=&#8221;1\/3&#8243;][\/vc_column][\/vc_row]<\/p>\n","protected":false},"author":2,"featured_media":0,"parent":0,"menu_order":600,"comment_status":"closed","ping_status":"closed","template":"","meta":[],"class_list":["post-2210","page","type-page","status-publish","hentry","description-off"],"_links":{"self":[{"href":"https:\/\/majorassessoria.com.br\/site\/index.php\/wp-json\/wp\/v2\/pages\/2210","targetHints":{"allow":["GET"]}}],"collection":[{"href":"https:\/\/majorassessoria.com.br\/site\/index.php\/wp-json\/wp\/v2\/pages"}],"about":[{"href":"https:\/\/majorassessoria.com.br\/site\/index.php\/wp-json\/wp\/v2\/types\/page"}],"author":[{"embeddable":true,"href":"https:\/\/majorassessoria.com.br\/site\/index.php\/wp-json\/wp\/v2\/users\/2"}],"replies":[{"embeddable":true,"href":"https:\/\/majorassessoria.com.br\/site\/index.php\/wp-json\/wp\/v2\/comments?post=2210"}],"version-history":[{"count":9,"href":"https:\/\/majorassessoria.com.br\/site\/index.php\/wp-json\/wp\/v2\/pages\/2210\/revisions"}],"predecessor-version":[{"id":3448,"href":"https:\/\/majorassessoria.com.br\/site\/index.php\/wp-json\/wp\/v2\/pages\/2210\/revisions\/3448"}],"wp:attachment":[{"href":"https:\/\/majorassessoria.com.br\/site\/index.php\/wp-json\/wp\/v2\/media?parent=2210"}],"curies":[{"name":"wp","href":"https:\/\/api.w.org\/{rel}","templated":true}]}}